{"id":24,"date":"2025-12-22T07:28:53","date_gmt":"2025-12-22T07:28:53","guid":{"rendered":"https:\/\/open88.vin\/?page_id=24"},"modified":"2025-12-25T08:12:11","modified_gmt":"2025-12-25T08:12:11","slug":"footer","status":"publish","type":"page","link":"https:\/\/open88.vin\/","title":{"rendered":"Trang ch\u1ee7"},"content":{"rendered":"<div class=\"row row-collapse row-full-width\"  id=\"row-1811501162\">\n\n\t<div id=\"col-974451611\" class=\"col medium-4 large-4\"  >\n\t\t\t\t<div class=\"col-inner\"  >\n\t\t\t\n\t\t\t\n\t<div class=\"img has-hover x md-x lg-x y md-y lg-y\" id=\"image_1332578450\">\n\t\t<a class=\"\" href=\"https:\/\/open88.vin\/qc\/1\" target=\"_blank\" rel=\"noopener\">\t\t\t\t\t\t<div class=\"img-inner dark\" >\n\t\t\t<img loading=\"lazy\" decoding=\"async\" width=\"1920\" height=\"600\" src=\"https:\/\/open88.vin\/wp-content\/uploads\/2025\/12\/open88-gd.png\" class=\"attachment-original size-original\" alt=\"open88\" srcset=\"https:\/\/open88.vin\/wp-content\/uploads\/2025\/12\/open88-gd.png 1920w, https:\/\/open88.vin\/wp-content\/uploads\/2025\/12\/open88-gd-300x94.png 300w, https:\/\/open88.vin\/wp-content\/uploads\/2025\/12\/open88-gd-1024x320.png 1024w, https:\/\/open88.vin\/wp-content\/uploads\/2025\/12\/open88-gd-768x240.png 768w, https:\/\/open88.vin\/wp-content\/uploads\/2025\/12\/open88-gd-1536x480.png 1536w\" sizes=\"auto, (max-width: 1920px) 100vw, 1920px\" \/>\t\t\t\t\t\t\n\t\t\t\t\t<\/div>\n\t\t\t\t\t\t<\/a>\t\t\n<style>\n#image_1332578450 {\n  width: 100%;\n}\n<\/style>\n\t<\/div>\n\t\n\t\t<\/div>\n\t\t\t\t\t<\/div>\n\n\t\n\n\t<div id=\"col-200187560\" class=\"col medium-4 large-4\"  >\n\t\t\t\t<div class=\"col-inner\"  >\n\t\t\t\n\t\t\t\n\t<div class=\"img has-hover x md-x lg-x y md-y lg-y\" id=\"image_360720512\">\n\t\t<a class=\"\" href=\"https:\/\/open88.vin\/qc\/1\" target=\"_blank\" rel=\"noopener\">\t\t\t\t\t\t<div class=\"img-inner dark\" >\n\t\t\t<img loading=\"lazy\" decoding=\"async\" width=\"1920\" height=\"600\" src=\"https:\/\/open88.vin\/wp-content\/uploads\/2025\/12\/open88-ramat.jpg\" class=\"attachment-original size-original\" alt=\"open88\" srcset=\"https:\/\/open88.vin\/wp-content\/uploads\/2025\/12\/open88-ramat.jpg 1920w, https:\/\/open88.vin\/wp-content\/uploads\/2025\/12\/open88-ramat-300x94.jpg 300w, https:\/\/open88.vin\/wp-content\/uploads\/2025\/12\/open88-ramat-1024x320.jpg 1024w, https:\/\/open88.vin\/wp-content\/uploads\/2025\/12\/open88-ramat-768x240.jpg 768w, https:\/\/open88.vin\/wp-content\/uploads\/2025\/12\/open88-ramat-1536x480.jpg 1536w\" sizes=\"auto, (max-width: 1920px) 100vw, 1920px\" \/>\t\t\t\t\t\t\n\t\t\t\t\t<\/div>\n\t\t\t\t\t\t<\/a>\t\t\n<style>\n#image_360720512 {\n  width: 100%;\n}\n<\/style>\n\t<\/div>\n\t\n\t\t<\/div>\n\t\t\t\t\t<\/div>\n\n\t\n\n\t<div id=\"col-1961561392\" class=\"col medium-4 large-4\"  >\n\t\t\t\t<div class=\"col-inner\"  >\n\t\t\t\n\t\t\t\n\t<div class=\"img has-hover x md-x lg-x y md-y lg-y\" id=\"image_1506816852\">\n\t\t<a class=\"\" href=\"https:\/\/open88.vin\/qc\/1\" target=\"_blank\" rel=\"noopener\">\t\t\t\t\t\t<div class=\"img-inner dark\" >\n\t\t\t<img loading=\"lazy\" decoding=\"async\" width=\"1920\" height=\"600\" src=\"https:\/\/open88.vin\/wp-content\/uploads\/2025\/12\/open88-tvm.webp\" class=\"attachment-original size-original\" alt=\"\" srcset=\"https:\/\/open88.vin\/wp-content\/uploads\/2025\/12\/open88-tvm.webp 1920w, https:\/\/open88.vin\/wp-content\/uploads\/2025\/12\/open88-tvm-300x94.webp 300w, https:\/\/open88.vin\/wp-content\/uploads\/2025\/12\/open88-tvm-1024x320.webp 1024w, https:\/\/open88.vin\/wp-content\/uploads\/2025\/12\/open88-tvm-768x240.webp 768w, https:\/\/open88.vin\/wp-content\/uploads\/2025\/12\/open88-tvm-1536x480.webp 1536w\" sizes=\"auto, (max-width: 1920px) 100vw, 1920px\" \/>\t\t\t\t\t\t\n\t\t\t\t\t<\/div>\n\t\t\t\t\t\t<\/a>\t\t\n<style>\n#image_1506816852 {\n  width: 100%;\n}\n<\/style>\n\t<\/div>\n\t\n\t\t<\/div>\n\t\t\t\t\t<\/div>\n\n\t\n<\/div>\n<div class=\"row\"  id=\"row-721215080\">\n\n\t<div id=\"col-1363379645\" class=\"col small-12 large-12\"  >\n\t\t\t\t<div class=\"col-inner\"  >\n\t\t\t\n\t\t\t\n\t<div id=\"text-2050138893\" class=\"text\">\n\t\t\n<h1 style=\"text-align: center;\"><span style=\"color: #ff6600;\"><strong><span style=\"color: #ff6600;\"><a style=\"color: #ff6600;\" href=\"https:\/\/okvipau.com\/\" target=\"_blank\" rel=\"noopener\">OPEN88<\/a><\/span>\u2b50\ufe0fNh\u00e0 C\u00e1i OPEN88.COM Uy T\u00edn Ch\u00ednh Th\u1ee9c N\u0103m 2026<\/strong><\/span><\/h1>\n<blockquote><p><strong>OPEN88<\/strong> \u2013 s\u00e2n ch\u01a1i c\u00e1 c\u01b0\u1ee3c tr\u1ef1c tuy\u1ebfn <b>an to\u00e0n, uy t\u00edn v\u00e0 t\u1ed1i \u01b0u tr\u1ea3i nghi\u1ec7m<\/b>. V\u1edbi giao di\u1ec7n th\u00e2n thi\u1ec7n, thao t\u00e1c nhanh, b\u1ea3o m\u1eadt tuy\u1ec7t \u0111\u1ed1i v\u00e0 h\u1ed7 tr\u1ee3 24\/7, OPEN88 mang \u0111\u1ebfn <b>tr\u1ea3i nghi\u1ec7m tr\u1ecdn v\u1eb9n, ti\u1ec7n l\u1ee3i v\u00e0 \u0111\u00e1ng tin c\u1eady<\/b>\u00a0cho m\u1ecdi game th\u1ee7.<\/p>\n<p style=\"text-align: center;\">Link truy c\u1eadp ch\u00ednh th\u1ee9c c\u1ed5ng game: <span style=\"color: #ff6600;\"><a style=\"color: #ff6600;\" href=\"https:\/\/open88.vin\/\" target=\"_blank\" rel=\"noopener\"><strong>https:\/\/open88.vin\/<\/strong><\/a><\/span><\/p>\n<\/blockquote>\n\t\t\n<style>\n#text-2050138893 {\n  color: rgb(255,255,255);\n}\n#text-2050138893 > * {\n  color: rgb(255,255,255);\n}\n<\/style>\n\t<\/div>\n\t\n<div class=\"container section-title-container\" ><h2 class=\"section-title section-title-center\"><b><\/b><span class=\"section-title-main\" style=\"color:#ff6600;\">V\u00ec sao open88 \u0110\u01b0\u1ee3c ng\u01b0\u1eddi ch\u01a1i y\u00eau th\u00edch v\u00e0 tin d\u00f9ng ?<\/span><b><\/b><\/h2><\/div>\n<div class=\"row\"  id=\"row-1214200740\">\n\n\t<div id=\"col-17603834\" class=\"col medium-6 small-12 large-6\"  >\n\t\t\t\t<div class=\"col-inner\"  >\n\t\t\t\n\t\t\t\n\t<div class=\"img has-hover x md-x lg-x y md-y lg-y\" id=\"image_560864151\">\n\t\t<a class=\"\" href=\"https:\/\/open88.vin\/qc\/1\" target=\"_blank\" rel=\"noopener\">\t\t\t\t\t\t<div class=\"img-inner dark\" >\n\t\t\t<img loading=\"lazy\" decoding=\"async\" width=\"1500\" height=\"1500\" src=\"https:\/\/open88.vin\/wp-content\/uploads\/2025\/12\/OPEN88-LOGO.png\" class=\"attachment-original size-original\" alt=\"\" srcset=\"https:\/\/open88.vin\/wp-content\/uploads\/2025\/12\/OPEN88-LOGO.png 1500w, https:\/\/open88.vin\/wp-content\/uploads\/2025\/12\/OPEN88-LOGO-300x300.png 300w, https:\/\/open88.vin\/wp-content\/uploads\/2025\/12\/OPEN88-LOGO-1024x1024.png 1024w, https:\/\/open88.vin\/wp-content\/uploads\/2025\/12\/OPEN88-LOGO-150x150.png 150w, https:\/\/open88.vin\/wp-content\/uploads\/2025\/12\/OPEN88-LOGO-768x768.png 768w\" sizes=\"auto, (max-width: 1500px) 100vw, 1500px\" \/>\t\t\t\t\t\t\n\t\t\t\t\t<\/div>\n\t\t\t\t\t\t<\/a>\t\t\n<style>\n#image_560864151 {\n  width: 100%;\n}\n<\/style>\n\t<\/div>\n\t\n\t\t<\/div>\n\t\t\t\t\t<\/div>\n\n\t\n\n\t<div id=\"col-685594535\" class=\"col medium-6 small-12 large-6\"  >\n\t\t\t\t<div class=\"col-inner text-center\"  >\n\t\t\t\n\t\t\t\n\t<div id=\"gap-151241255\" class=\"gap-element clearfix\" style=\"display:block; height:auto;\">\n\t\t\n<style>\n#gap-151241255 {\n  padding-top: 30px;\n}\n<\/style>\n\t<\/div>\n\t\n\t<div class=\"img has-hover x md-x lg-x y md-y lg-y\" id=\"image_832660473\">\n\t\t\t\t\t\t\t\t<div class=\"img-inner dark\" >\n\t\t\t<img loading=\"lazy\" decoding=\"async\" width=\"1024\" height=\"399\" src=\"https:\/\/open88.vin\/wp-content\/uploads\/2025\/12\/logo-open88-2.png\" class=\"attachment-original size-original\" alt=\"open88\" srcset=\"https:\/\/open88.vin\/wp-content\/uploads\/2025\/12\/logo-open88-2.png 1024w, https:\/\/open88.vin\/wp-content\/uploads\/2025\/12\/logo-open88-2-300x117.png 300w, https:\/\/open88.vin\/wp-content\/uploads\/2025\/12\/logo-open88-2-768x299.png 768w\" sizes=\"auto, (max-width: 1024px) 100vw, 1024px\" \/>\t\t\t\t\t\t\n\t\t\t\t\t<\/div>\n\t\t\t\t\t\t\t\t\n<style>\n#image_832660473 {\n  width: 58%;\n}\n<\/style>\n\t<\/div>\n\t\n\t<div id=\"text-2719344198\" class=\"text\">\n\t\t\n<div id=\"text-3380775082\" class=\"text\">\n<h3 style=\"text-align: center;\" data-start=\"42\" data-end=\"206\"><span style=\"color: #ff6600; font-family: verdana, geneva, sans-serif;\">T\u1ea3i App OPEN88<\/span><\/h3>\n<p data-start=\"42\" data-end=\"206\"><span style=\"font-family: verdana, geneva, sans-serif;\">D\u1ec5 d\u00e0ng \u0110\u0103ng K\u00fd \u2013 \u0110\u0103ng Nh\u1eadp, tr\u1ea3i nghi\u1ec7m m\u01b0\u1ee3t m\u00e0 24\/7, b\u1ea3o m\u1eadt v\u1edbi c\u00f4ng ngh\u1ec7 m\u1edbi nh\u1ea5t \u0111\u1ea3m b\u1ea3o 100% an to\u00e0n.<\/span><\/p>\n<p data-start=\"42\" data-end=\"206\"><span style=\"font-family: verdana, geneva, sans-serif;\">Nhi\u1ec1u \u01b0u \u0111\u00e3i d\u00e0nh ri\u00eang cho ng\u01b0\u1eddi m\u1edbi, ch\u01a1i tho\u1ea3i m\u00e1i casino, th\u1ec3 thao, b\u1eafn c\u00e1 m\u00e0 kh\u00f4ng lo r\u1ee7i ro!<\/span><\/p>\n<\/div>\n\t\t\n<style>\n#text-2719344198 {\n  text-align: left;\n  color: rgb(255,255,255);\n}\n#text-2719344198 > * {\n  color: rgb(255,255,255);\n}\n<\/style>\n\t<\/div>\n\t\n<div class=\"row\"  id=\"row-1337133787\">\n\n\t<div id=\"col-1468020362\" class=\"col medium-6 small-12 large-6\"  >\n\t\t\t\t<div class=\"col-inner\"  >\n\t\t\t\n\t\t\t\n<a href=\"https:\/\/open88.vin\/qc\/1\" target=\"_blank\" class=\"button primary button22\" rel=\"noopener\" style=\"border-radius:99px;\">\n\t\t<span>T\u1ea3i app open88<\/span>\n\t<\/a>\n\n\t\t<\/div>\n\t\t\t\t\t<\/div>\n\n\t\n\n\t<div id=\"col-1158849750\" class=\"col medium-6 small-12 large-6\"  >\n\t\t\t\t<div class=\"col-inner\"  >\n\t\t\t\n\t\t\t\n<a href=\"https:\/\/open88.vin\/qc\/1\" target=\"_blank\" class=\"button primary button22\" rel=\"noopener\" style=\"border-radius:99px;\">\n\t\t<span>Nh\u1eadn l\u00ec x\u00ec free<\/span>\n\t<\/a>\n\n\t\t<\/div>\n\t\t\t\t\t<\/div>\n\n\t\n<\/div>\n\t\t<\/div>\n\t\t\t\t\t<\/div>\n\n\t\n<\/div>\n<div class=\"row\"  id=\"row-343820985\">\n\n\t<div id=\"col-2058429715\" class=\"col medium-4 small-12 large-4\"  >\n\t\t\t\t<div class=\"col-inner\"  >\n\t\t\t\n\t\t\t\n\t<div id=\"text-479399568\" class=\"text\">\n\t\t\n<p><img loading=\"lazy\" decoding=\"async\" class=\"alignnone size-full wp-image-50 alignleft\" src=\"https:\/\/open88.vin\/wp-content\/uploads\/2025\/12\/nap-rut.png\" alt=\"open88\" width=\"80\" height=\"70\" \/><strong><span style=\"color: #ff6600;\">N\u1ea1p r\u00fat nhanh ch\u00f3ng &amp; an to\u00e0n:<\/span> <span style=\"color: #ff6600;\">OPEN88<\/span><\/strong> n\u1ea1p r\u00fat ti\u1ec1n c\u1ef1c k\u1ef3 \u0111\u01a1n gi\u1ea3n, \u0111a d\u1ea1ng k\u00eanh thanh to\u00e1n ph\u00f9 h\u1ee3p v\u1edbi ng\u01b0\u1eddi ch\u01a1i t\u1ea1i Vi\u1ec7t Nam. T\u1ea5t c\u1ea3 giao d\u1ecbch \u0111\u1ec1u \u0111\u01b0\u1ee3c m\u00e3 h\u00f3a b\u1ea3o m\u1eadt v\u00e0 x\u1eed l\u00fd t\u1ef1 \u0111\u1ed9ng.<br \/>\n\t\t\n<style>\n#text-479399568 {\n  color: rgb(255,255,255);\n}\n#text-479399568 > * {\n  color: rgb(255,255,255);\n}\n<\/style>\n\t<\/div>\n\t\n\t\t<\/div>\n\t\t\t\t\t<\/div>\n\n\t\n\n\t<div id=\"col-646858165\" class=\"col medium-4 small-12 large-4\"  >\n\t\t\t\t<div class=\"col-inner\"  >\n\t\t\t\n\t\t\t\n\t<div id=\"text-4015017342\" class=\"text\">\n\t\t\n<p><img loading=\"lazy\" decoding=\"async\" class=\"alignnone size-full wp-image-51 alignleft\" src=\"https:\/\/open88.vin\/wp-content\/uploads\/2025\/12\/cskh.png\" alt=\"open88\" width=\"80\" height=\"70\" \/><span style=\"color: #ff6600;\"><strong>Ch\u0103m s\u00f3c kh\u00e1ch h\u00e0ng t\u1eadn t\u00e2m:<\/strong><\/span>Lu\u00f4n lu\u00f4n h\u1ed7 tr\u1ee3 ng\u01b0\u1eddi ch\u01a1i m\u1ed9t c\u00e1ch nhi\u1ec7t t\u00ecnh nh\u1ea5t, t\u1eeb m\u1ed9t \u0111\u1ed9i ng\u0169 chuy\u00ean vi\u00ean chuy\u00ean nghi\u1ec7p tr\u00ean c\u00e1c k\u00eanh nh\u01b0: Zalo, telegram, facebook\u2026<br \/>\n\t\t\n<style>\n#text-4015017342 {\n  color: rgb(255,255,255);\n}\n#text-4015017342 > * {\n  color: rgb(255,255,255);\n}\n<\/style>\n\t<\/div>\n\t\n\t\t<\/div>\n\t\t\t\t\t<\/div>\n\n\t\n\n\t<div id=\"col-1246553462\" class=\"col medium-4 small-12 large-4\"  >\n\t\t\t\t<div class=\"col-inner\"  >\n\t\t\t\n\t\t\t\n\t<div id=\"text-940818620\" class=\"text\">\n\t\t\n<p><strong><img loading=\"lazy\" decoding=\"async\" class=\"size-full wp-image-49 alignleft\" src=\"https:\/\/open88.vin\/wp-content\/uploads\/2025\/12\/uudai.png\" alt=\"open88\" width=\"80\" height=\"70\" \/><\/strong><span style=\"font-family: verdana, geneva, sans-serif;\"><span style=\"color: #ff6600;\"><strong>Khuy\u1ebfn m\u00e3i ng\u1eadp tr\u00e0n:<\/strong><\/span>Khuy\u1ebfn m\u00e3i lu\u00f4n c\u1eadp nh\u1eadt m\u1ed7i tu\u1ea7n. Ng\u01b0\u1eddi ch\u01a1i m\u1edbi nh\u1eadn th\u01b0\u1edfng n\u1ea1p \u0111\u1ea7u 100%, trong khi th\u00e0nh vi\u00ean l\u00e2u n\u0103m \u0111\u01b0\u1ee3c ho\u00e0n ti\u1ec1n h\u00e0ng ng\u00e0y, t\u1eb7ng qu\u00e0 sinh nh\u1eadt v\u00e0 nh\u1eadn \u01b0u \u0111\u00e3i t\u1eeb h\u1ec7 th\u1ed1ng VIP.<\/span><br \/>\n\t\t\n<style>\n#text-940818620 {\n  color: rgb(255,255,255);\n}\n#text-940818620 > * {\n  color: rgb(255,255,255);\n}\n<\/style>\n\t<\/div>\n\t\n\t\t<\/div>\n\t\t\t\t\t<\/div>\n\n\t\n<\/div>\n<div class=\"row\"  id=\"row-1438178932\">\n\n\t<div id=\"col-71137236\" class=\"col small-12 large-12\"  >\n\t\t\t\t<div class=\"col-inner\"  >\n\t\t\t\n\t\t\t\n\t<div id=\"text-2215597724\" class=\"text\">\n\t\t\n<h3><span style=\"font-family: verdana, geneva, sans-serif; color: #ff6600;\"><b><img decoding=\"async\" class=\"emoji\" role=\"img\" draggable=\"false\" src=\"https:\/\/s.w.org\/images\/core\/emoji\/17.0.2\/svg\/2b50.svg\" alt=\"\u2b50\" \/> T\u1ed5ng Quan V\u1ec1 OPEN88<\/b><\/span><\/h3>\n<p><span style=\"font-family: verdana, geneva, sans-serif;\"><b>Nh\u00e0 c\u00e1i OPEN88 <\/b>mu\u1ed1n t\u1ea1o ra m\u1ed9t s\u00e2n ch\u01a1i <b>minh b\u1ea1ch, c\u00f4ng b\u1eb1ng<\/b>\u00a0cho ng\u01b0\u1eddi ch\u01a1i tr\u00ean to\u00e0n th\u1ebf gi\u1edbi. Nh\u00e0 c\u00e1i \u0111\u00e3 thi\u1ebft l\u1eadp quan h\u1ec7 \u0111\u1ed1i t\u00e1c v\u1edbi nhi\u1ec1u nh\u00e0 cung c\u1ea5p l\u1edbn, t\u1ed1i \u01b0u h\u00f3a c\u00f4ng ngh\u1ec7 v\u00e0 \u0111\u01b0\u1ee3c c\u1ea5p\u00a0<b>gi\u1ea5y ph\u00e9p ho\u1ea1t \u0111\u1ed9ng h\u1ee3p ph\u00e1p t\u1eeb Curacao eGaming<\/b>.<\/span><\/p>\n<ul>\n<li><span style=\"font-family: verdana, geneva, sans-serif;\"><b>Ph\u00e1t tri\u1ec3n v\u00e0 Uy t\u00edn:<\/b> Trong h\u01a1n m\u01b0\u1eddi n\u0103m ho\u1ea1t \u0111\u1ed9ng, open88 \u0111\u00e3 m\u1edf r\u1ed9ng sang nhi\u1ec1u qu\u1ed1c gia, ph\u1ee5c v\u1ee5 h\u00e0ng tri\u1ec7u ng\u01b0\u1eddi ch\u01a1i. S\u1ef1 ra \u0111\u1eddi c\u1ee7a <b>\u1ee9ng d\u1ee5ng di \u0111\u1ed9ng (iOS\/Android)<\/b> v\u00e0 c\u00e1c gi\u1ea3i th\u01b0\u1edfng uy t\u00edn l\u00e0 minh ch\u1ee9ng cho v\u1ecb th\u1ebf v\u1eefng ch\u1eafc.<\/span><\/li>\n<li><span style=\"font-family: verdana, geneva, sans-serif;\"><b>\u0110\u00e1nh gi\u00e1:<\/b> open88 n\u1ed5i b\u1eadt nh\u1edd s\u1ef1 k\u1ebft h\u1ee3p gi\u1eefa <b>c\u00f4ng ngh\u1ec7 hi\u1ec7n \u0111\u1ea1i<\/b>\u00a0v\u00e0\u00a0<b>d\u1ecbch v\u1ee5 kh\u00e1ch h\u00e0ng t\u1eadn t\u00e2m<\/b>. Kh\u1ea3 n\u0103ng \u0111\u1ed5i m\u1edbi li\u00ean t\u1ee5c, t\u1ef7 l\u1ec7 c\u01b0\u1ee3c c\u1ea1nh tranh, \u01b0u \u0111\u00e3i h\u1ea5p d\u1eabn, c\u00f9ng quy tr\u00ecnh\u00a0<b>n\u1ea1p\/r\u00fat ti\u1ec1n nhanh ch\u00f3ng v\u00e0 r\u00f5 r\u00e0ng<\/b>\u00a0l\u00e0 nh\u1eefng \u0111i\u1ec3m m\u1ea1nh c\u1ed1t l\u00f5i.<\/span><\/li>\n<\/ul>\n<h3><span style=\"font-family: verdana, geneva, sans-serif; color: #ff6600;\"><b><img decoding=\"async\" class=\"emoji\" role=\"img\" draggable=\"false\" src=\"https:\/\/s.w.org\/images\/core\/emoji\/17.0.2\/svg\/1f6e1.svg\" alt=\"\ud83d\udee1\ufe0f\" \/> \u01afu Th\u1ebf V\u01b0\u1ee3t Tr\u1ed9i C\u1ee7a OPEN88<\/b><\/span><\/h3>\n<ul>\n<li><span style=\"font-family: verdana, geneva, sans-serif;\"><b>Ph\u00e1p l\u00fd r\u00f5 r\u00e0ng:<\/b>\u00a0\u0110\u01b0\u1ee3c c\u1ea5p ph\u00e9p b\u1edfi\u00a0<b>Curacao eGaming<\/b>, OPEN88 cam k\u1ebft minh b\u1ea1ch v\u00e0 tu\u00e2n th\u1ee7 m\u1ecdi quy \u0111\u1ecbnh nghi\u00eam ng\u1eb7t.<\/span><\/li>\n<li><span style=\"font-family: verdana, geneva, sans-serif;\"><b>An ninh t\u1ed1i \u0111a:<\/b>\u00a0\u00c1p d\u1ee5ng c\u00f4ng ngh\u1ec7 m\u00e3 h\u00f3a\u00a0<b>SSL 256-bit<\/b>\u00a0v\u00e0 h\u1ec7 th\u1ed1ng t\u01b0\u1eddng l\u1eeda \u0111a l\u1edbp, b\u1ea3o v\u1ec7 tuy\u1ec7t \u0111\u1ed1i d\u1eef li\u1ec7u c\u00e1 nh\u00e2n v\u00e0 t\u00e0i ch\u00ednh ng\u01b0\u1eddi d\u00f9ng.<\/span><\/li>\n<li><span style=\"font-family: verdana, geneva, sans-serif;\"><b>Thanh to\u00e1n ti\u1ec7n l\u1ee3i &amp; t\u1ed1c \u0111\u1ed9:<\/b>\u00a0H\u1ed7 tr\u1ee3 nhi\u1ec1u ph\u01b0\u01a1ng th\u1ee9c giao d\u1ecbch (chuy\u1ec3n kho\u1ea3n, v\u00ed \u0111i\u1ec7n t\u1eed, th\u1ebb c\u00e0o). \u0110\u1ea3m b\u1ea3o giao d\u1ecbch\u00a0<b>nhanh ch\u00f3ng, an to\u00e0n tuy\u1ec7t \u0111\u1ed1i<\/b>.<\/span><\/li>\n<li><span style=\"font-family: verdana, geneva, sans-serif;\"><b>H\u1ed7 tr\u1ee3 chuy\u00ean nghi\u1ec7p 24\/7:<\/b>\u00a0\u0110\u1ed9i ng\u0169 CSKH ho\u1ea1t \u0111\u1ed9ng\u00a0<b>li\u00ean t\u1ee5c<\/b>, s\u1eb5n s\u00e0ng gi\u1ea3i \u0111\u00e1p m\u1ecdi th\u1eafc m\u1eafc qua livechat, email, hotline v\u1edbi th\u00e1i \u0111\u1ed9 chuy\u00ean nghi\u1ec7p.<\/span><\/li>\n<li><span style=\"font-family: verdana, geneva, sans-serif;\"><b>M\u1ee9c tr\u1ea3 th\u01b0\u1edfng cao:<\/b>\u00a0T\u1ef7 l\u1ec7 k\u00e8o n\u1eb1m trong\u00a0<b>top \u0111\u1ea7u th\u1ecb tr\u01b0\u1eddng<\/b>, gi\u00fap ng\u01b0\u1eddi ch\u01a1i t\u1ed1i \u0111a h\u00f3a l\u1ee3i nhu\u1eadn.<\/span><\/li>\n<\/ul>\n<h3><span style=\"font-family: verdana, geneva, sans-serif; color: #ff6600;\"><b><img decoding=\"async\" class=\"emoji\" role=\"img\" draggable=\"false\" src=\"https:\/\/s.w.org\/images\/core\/emoji\/17.0.2\/svg\/1f3b0.svg\" alt=\"\ud83c\udfb0\" \/>\u00a0C\u00e1c S\u1ea3n Ph\u1ea9m C\u00e1 C\u01b0\u1ee3c Tr\u1ecdng \u0110i\u1ec3m<\/b><\/span><\/h3>\n<p><span style=\"font-family: verdana, geneva, sans-serif;\">OPEN88 t\u1ef1 h\u00e0o c\u00f3 kho tr\u00f2 ch\u01a1i phong ph\u00fa, \u0111\u00e1p \u1ee9ng m\u1ecdi s\u1edf th\u00edch gi\u1ea3i tr\u00ed:<\/span><\/p>\n<ul>\n<li><span style=\"font-family: verdana, geneva, sans-serif;\"><b>C\u00e1 C\u01b0\u1ee3c Th\u1ec3 Thao:<\/b>\u00a0Cung c\u1ea5p \u0111a d\u1ea1ng b\u1ed9 m\u00f4n (B\u00f3ng \u0111\u00e1, B\u00f3ng r\u1ed5, Tennis\u2026) v\u00e0 c\u00e1c gi\u1ea3i \u0111\u1ea5u l\u1edbn. T\u1ef7 l\u1ec7 k\u00e8o c\u1ea1nh tranh,\u00a0<b>\u0111\u1ed9 tr\u1ec5 th\u1ea5p<\/b>, h\u1ed7 tr\u1ee3 nhi\u1ec1u h\u00ecnh th\u1ee9c c\u01b0\u1ee3c kh\u00e1c nhau.<\/span><\/li>\n<li><span style=\"font-family: verdana, geneva, sans-serif;\"><b>S\u00f2ng B\u1ea1c Tr\u1ef1c Tuy\u1ebfn (Live Casino):<\/b>\u00a0Tr\u1ea3i nghi\u1ec7m Baccarat, Poker, Roulette, Sicbo v\u1edbi ch\u1ea5t l\u01b0\u1ee3ng h\u00ecnh \u1ea3nh s\u1eafc n\u00e9t, \u00e2m thanh s\u1ed1ng \u0111\u1ed9ng, c\u00f9ng c\u00e1c\u00a0<b>Dealer th\u1eadt xinh \u0111\u1eb9p<\/b>.<\/span><\/li>\n<li><span style=\"font-family: verdana, geneva, sans-serif;\"><b>Kho Game Kh\u00e1c:<\/b>\u00a0C\u00e1c tr\u00f2 ch\u01a1i gi\u1ea3i tr\u00ed \u0111a d\u1ea1ng nh\u01b0\u00a0<b>Slot Game<\/b>\u00a0nhi\u1ec1u ch\u1ee7 \u0111\u1ec1,\u00a0<b>B\u1eafn C\u00e1<\/b>\u00a0\u0111\u1ed3 h\u1ecda hi\u1ec7n \u0111\u1ea1i,\u00a0<b>X\u1ed5 s\u1ed1 tr\u1ef1c tuy\u1ebfn<\/b>\u00a0v\u00e0\u00a0<b>Keno<\/b>, d\u1ec5 ch\u01a1i v\u00e0 c\u00f3 c\u01a1 h\u1ed9i th\u1eafng l\u1edbn.<\/span><\/li>\n<\/ul>\n<h3><span style=\"font-family: verdana, geneva, sans-serif; color: #ff6600;\"><b><img decoding=\"async\" class=\"emoji\" role=\"img\" draggable=\"false\" src=\"https:\/\/s.w.org\/images\/core\/emoji\/17.0.2\/svg\/1f4b0.svg\" alt=\"\ud83d\udcb0\" \/>\u00a0\u01afu \u0110\u00e3i &amp; Khuy\u1ebfn M\u00e3i \u0110\u1eb7c Bi\u1ec7t<\/b><\/span><\/h3>\n<p><span style=\"font-family: verdana, geneva, sans-serif;\">OPEN88 lu\u00f4n c\u00f3 c\u00e1c ch\u01b0\u01a1ng tr\u00ecnh khuy\u1ebfn m\u00e3i h\u1ea5p d\u1eabn d\u00e0nh cho m\u1ecdi th\u00e0nh vi\u00ean:<\/span><\/p>\n<ul>\n<li><span style=\"font-family: verdana, geneva, sans-serif;\"><b>Th\u01b0\u1edfng Ch\u00e0o M\u1eebng 100%<\/b>\u00a0gi\u00e1 tr\u1ecb l\u1ea7n n\u1ea1p \u0111\u1ea7u ti\u00ean.<\/span><\/li>\n<li><span style=\"font-family: verdana, geneva, sans-serif;\">T\u1eb7ng\u00a0<b>50 l\u01b0\u1ee3t quay Slot mi\u1ec5n ph\u00ed<\/b>\u00a0khi n\u1ea1p l\u1ea7n hai.<\/span><\/li>\n<li><span style=\"font-family: verdana, geneva, sans-serif;\"><b>Ho\u00e0n tr\u1ea3 1% c\u01b0\u1ee3c th\u1ec3 thao<\/b>\u00a0h\u00e0ng tu\u1ea7n kh\u00f4ng gi\u1edbi h\u1ea1n.<\/span><\/li>\n<li><span style=\"font-family: verdana, geneva, sans-serif;\">V\u00f2ng quay may m\u1eafn h\u00e0ng ng\u00e0y, c\u00f9ng \u01b0u \u0111\u00e3i sinh nh\u1eadt \u0111\u1ed9c quy\u1ec1n.<\/span><\/li>\n<\/ul>\n<h3><span style=\"font-family: verdana, geneva, sans-serif; color: #ff6600;\"><b><img decoding=\"async\" class=\"emoji\" role=\"img\" draggable=\"false\" src=\"https:\/\/s.w.org\/images\/core\/emoji\/17.0.2\/svg\/2705.svg\" alt=\"\u2705\" \/> H\u01b0\u1edbng D\u1eabn Tham Gia &amp; T\u1ea3i App OPEN88<\/b><\/span><\/h3>\n<ul>\n<li><span style=\"font-family: verdana, geneva, sans-serif;\"><b>\u0110\u0103ng k\u00fd\/\u0110\u0103ng nh\u1eadp:<\/b>\u00a0Truy c\u1eadp trang ch\u1ee7, nh\u1ea5n\u00a0<b>\u201c\u0110\u0103ng k\u00fd\u201d<\/b>\u00a0ho\u1eb7c\u00a0<b>\u201c\u0110\u0103ng nh\u1eadp\u201d<\/b>, ho\u00e0n t\u1ea5t th\u00f4ng tin v\u00e0 x\u00e1c nh\u1eadn.<\/span><\/li>\n<li><span style=\"font-family: verdana, geneva, sans-serif;\"><b>N\u1ea1p\/R\u00fat Ti\u1ec1n:<\/b>\u00a0Th\u1ef1c hi\u1ec7n giao d\u1ecbch nhanh ch\u00f3ng qua m\u1ee5c t\u01b0\u01a1ng \u1ee9ng, ch\u1ecdn ph\u01b0\u01a1ng th\u1ee9c (ng\u00e2n h\u00e0ng, v\u00ed \u0111i\u1ec7n t\u1eed) v\u00e0 x\u00e1c nh\u1eadn.<\/span><\/li>\n<li><span style=\"font-family: verdana, geneva, sans-serif;\"><b>T\u1ea3i App:<\/b>\u00a0Tr\u00ean trang ch\u1ee7, ch\u1ecdn m\u1ee5c\u00a0<b>\u201cT\u1ea3i \u1ee9ng d\u1ee5ng\u201d<\/b>, t\u1ea3i phi\u00ean b\u1ea3n\u00a0<b>iOS<\/b>\u00a0ho\u1eb7c\u00a0<b>Android<\/b>\u00a0\u0111\u1ec3 c\u00f3 tr\u1ea3i nghi\u1ec7m m\u01b0\u1ee3t m\u00e0.<\/span><\/li>\n<\/ul>\n<p><span style=\"font-family: verdana, geneva, sans-serif;\">OPEN88 l\u00e0 l\u1ef1a ch\u1ecdn ho\u00e0n h\u1ea3o, k\u1ebft h\u1ee3p gi\u1eefa <b>uy t\u00edn qu\u1ed1c t\u1ebf, c\u00f4ng ngh\u1ec7 hi\u1ec7n \u0111\u1ea1i<\/b>\u00a0v\u00e0\u00a0<b>ch\u1ea5t l\u01b0\u1ee3ng d\u1ecbch v\u1ee5 v\u01b0\u1ee3t tr\u1ed9i<\/b><\/span><br \/>\n\t\t\n<style>\n#text-2215597724 {\n  color: rgb(255,255,255);\n}\n#text-2215597724 > * {\n  color: rgb(255,255,255);\n}\n<\/style>\n\t<\/div>\n\t\n\t\t<\/div>\n\t\t\t\t\t<\/div>\n\n\t\n<\/div>\n\t\t<\/div>\n\t\t\t\t\t<\/div>\n\n\t\n<\/div>\n","protected":false},"excerpt":{"rendered":"","protected":false},"author":1,"featured_media":6,"parent":0,"menu_order":0,"comment_status":"closed","ping_status":"closed","template":"","meta":{"footnotes":""},"class_list":["post-24","page","type-page","status-publish","has-post-thumbnail","hentry"],"_links":{"self":[{"href":"https:\/\/open88.vin\/index.php?rest_route=\/wp\/v2\/pages\/24","targetHints":{"allow":["GET"]}}],"collection":[{"href":"https:\/\/open88.vin\/index.php?rest_route=\/wp\/v2\/pages"}],"about":[{"href":"https:\/\/open88.vin\/index.php?rest_route=\/wp\/v2\/types\/page"}],"author":[{"embeddable":true,"href":"https:\/\/open88.vin\/index.php?rest_route=\/wp\/v2\/users\/1"}],"replies":[{"embeddable":true,"href":"https:\/\/open88.vin\/index.php?rest_route=%2Fwp%2Fv2%2Fcomments&post=24"}],"version-history":[{"count":15,"href":"https:\/\/open88.vin\/index.php?rest_route=\/wp\/v2\/pages\/24\/revisions"}],"predecessor-version":[{"id":68,"href":"https:\/\/open88.vin\/index.php?rest_route=\/wp\/v2\/pages\/24\/revisions\/68"}],"wp:featuredmedia":[{"embeddable":true,"href":"https:\/\/open88.vin\/index.php?rest_route=\/wp\/v2\/media\/6"}],"wp:attachment":[{"href":"https:\/\/open88.vin\/index.php?rest_route=%2Fwp%2Fv2%2Fmedia&parent=24"}],"curies":[{"name":"wp","href":"https:\/\/api.w.org\/{rel}","templated":true}]}}